{"id":244745,"date":"2023-11-03T16:27:13","date_gmt":"2023-11-03T16:27:13","guid":{"rendered":"https:\/\/2024.aea-europe.net\/?page_id=244745"},"modified":"2025-12-17T08:36:44","modified_gmt":"2025-12-17T08:36:44","slug":"keynote-speakers","status":"publish","type":"page","link":"https:\/\/iui.acm.org\/2026\/keynote-speakers\/","title":{"rendered":"Keynote Speakers"},"content":{"rendered":"<p>[et_pb_section fb_built=&#8221;1&#8243; admin_label=&#8221;Section&#8221; _builder_version=&#8221;4.27.4&#8243; _module_preset=&#8221;default&#8221; background_color=&#8221;rgba(0,0,0,0.43)&#8221; background_image=&#8221;https:\/\/iui.hosting.acm.org\/2026\/wp-content\/uploads\/2023\/01\/pfo_aphrodites_rock_1112_02_ps_.jpg&#8221; background_size=&#8221;stretch&#8221; background_position=&#8221;bottom_left&#8221; background_blend=&#8221;overlay&#8221; min_height=&#8221;290px&#8221; custom_margin=&#8221;||-2px|||&#8221; custom_padding=&#8221;98px||0px|||&#8221; bottom_divider_style=&#8221;curve2&#8243; bottom_divider_color=&#8221;#FFFFFF&#8221; bottom_divider_height=&#8221;80px&#8221; bottom_divider_repeat=&#8221;1x&#8221; da_disable_devices=&#8221;off|off|off&#8221; box_shadow_style=&#8221;preset6&#8243; global_colors_info=&#8221;{}&#8221; da_is_popup=&#8221;off&#8221; da_exit_intent=&#8221;off&#8221; da_has_close=&#8221;on&#8221; da_alt_close=&#8221;off&#8221; da_dark_close=&#8221;off&#8221; da_not_modal=&#8221;on&#8221; da_is_singular=&#8221;off&#8221; da_with_loader=&#8221;off&#8221; da_has_shadow=&#8221;on&#8221;][et_pb_row _builder_version=&#8221;4.19.4&#8243; _module_preset=&#8221;default&#8221; background_enable_color=&#8221;off&#8221; custom_margin=&#8221;-30px|auto||auto||&#8221; custom_padding=&#8221;0px|||||&#8221; global_colors_info=&#8221;{}&#8221;][et_pb_column type=&#8221;4_4&#8243; _builder_version=&#8221;4.19.4&#8243; _module_preset=&#8221;default&#8221; global_colors_info=&#8221;{}&#8221;][dsm_text_divider header=&#8221;KEYNOTE SPEAKERS&#8221; color=&#8221;#FFFFFF&#8221; _builder_version=&#8221;4.22.2&#8243; _module_preset=&#8221;default&#8221; header_level=&#8221;h1&#8243; header_text_color=&#8221;#FFFFFF&#8221; header_font_size=&#8221;40px&#8221; background_enable_color=&#8221;off&#8221; global_colors_info=&#8221;{}&#8221;][\/dsm_text_divider][\/et_pb_column][\/et_pb_row][\/et_pb_section][et_pb_section fb_built=&#8221;1&#8243; admin_label=&#8221;Section&#8221; _builder_version=&#8221;4.22.2&#8243; _module_preset=&#8221;default&#8221; da_disable_devices=&#8221;off|off|off&#8221; global_colors_info=&#8221;{}&#8221; da_is_popup=&#8221;off&#8221; da_exit_intent=&#8221;off&#8221; da_has_close=&#8221;on&#8221; da_alt_close=&#8221;off&#8221; da_dark_close=&#8221;off&#8221; da_not_modal=&#8221;on&#8221; da_is_singular=&#8221;off&#8221; da_with_loader=&#8221;off&#8221; da_has_shadow=&#8221;on&#8221;][et_pb_row column_structure=&#8221;1_4,3_4&#8243; _builder_version=&#8221;4.27.4&#8243; _module_preset=&#8221;default&#8221; global_colors_info=&#8221;{}&#8221;][et_pb_column type=&#8221;1_4&#8243; _builder_version=&#8221;4.27.4&#8243; _module_preset=&#8221;default&#8221; global_colors_info=&#8221;{}&#8221;][et_pb_code _builder_version=&#8221;4.27.4&#8243; _module_preset=&#8221;default&#8221; global_colors_info=&#8221;{}&#8221;]<img fetchpriority=\"high\" decoding=\"async\" width=\"2560\" height=\"1706\" src=\"https:\/\/iui.acm.org\/2026\/wp-content\/uploads\/2025\/11\/ANTONIO-scaled.jpg\" alt=\"Pattie Maes \" srcset=\"https:\/\/iui.acm.org\/2026\/wp-content\/uploads\/2025\/11\/ANTONIO-scaled.jpg 2560w, https:\/\/iui.acm.org\/2026\/wp-content\/uploads\/2025\/11\/ANTONIO-1280x853.jpg 1280w, https:\/\/iui.acm.org\/2026\/wp-content\/uploads\/2025\/11\/ANTONIO-980x653.jpg 980w, https:\/\/iui.acm.org\/2026\/wp-content\/uploads\/2025\/11\/ANTONIO-480x320.jpg 480w\" sizes=\"(min-width: 0px) and (max-width: 480px) 480px, (min-width: 481px) and (max-width: 980px) 980px, (min-width: 981px) and (max-width: 1280px) 1280px, (min-width: 1281px) 2560px, 100vw\" class=\"wp-image-245778\">[\/et_pb_code][\/et_pb_column][et_pb_column type=&#8221;3_4&#8243; _builder_version=&#8221;4.27.4&#8243; _module_preset=&#8221;default&#8221; global_colors_info=&#8221;{}&#8221;][et_pb_text _builder_version=&#8221;4.27.5&#8243; _module_preset=&#8221;default&#8221; hover_enabled=&#8221;0&#8243; global_colors_info=&#8221;{}&#8221; sticky_enabled=&#8221;0&#8243;]<strong>Professor Antonio Kr\u00fcger<br \/>\n<\/strong>Saarland University<\/p>\n<p><strong>Keynote Title:<br \/>\n<\/strong>The role of HCI in Trusted AI<br \/>\n<!--<strong><\/strong>Director of Deutsches Forschungszentrum f\u00fcr K\u00fcnstliche Intelligenz GmbH--><\/p>\n<p><strong>Bio:<\/strong><br \/>\nThe increasing deployment of AI systems that are hard to inspect, particularly large-scale statistical models, presents a critical challenge to user trust. While AI performance is rapidly advancing, the opacity of decision-making processes often leads to skepticism, misuse, and a lack of accountability\u2014a core concern in the development of Trusted AI. This talk discusses how Human-Computer Interaction(HCI) can help to address \u00a0this trust deficit, arguing that<br \/>\nwell-designed interaction patterns are needed to increase transparency and as such trust in complex systems. The talk will discuss several examples from AI systems deployed in domains associated with high risk, such as medicine, production and automated driving.<\/p>\n<p>Antonio Kr\u00fcger is the CEO and Scientific Director of Deutsches Forschungszentrum f\u00fcr K\u00fcnstliche Intelligenz GmbH (DFKI), as well as the Scientific Director of the Cognitive Assistants research department at DFKI. Antonio has been a professor of computer science<br \/>\nand head of the Ubiquitous Media Technology Lab at Saarland University since 2009 and his research combines methods from human-computer-interaction and artificial intelligence.[\/et_pb_text][\/et_pb_column][\/et_pb_row][et_pb_row column_structure=&#8221;1_4,3_4&#8243; _builder_version=&#8221;4.27.4&#8243; _module_preset=&#8221;default&#8221; global_colors_info=&#8221;{}&#8221;][et_pb_column type=&#8221;1_4&#8243; _builder_version=&#8221;4.27.4&#8243; _module_preset=&#8221;default&#8221; global_colors_info=&#8221;{}&#8221;][et_pb_code _builder_version=&#8221;4.27.4&#8243; _module_preset=&#8221;default&#8221; global_colors_info=&#8221;{}&#8221;]<img fetchpriority=\"high\" decoding=\"async\" width=\"2560\" height=\"1706\" src=\"https:\/\/iui.acm.org\/2026\/wp-content\/uploads\/2025\/11\/Pattie-Maes.jpg\" alt=\"Pattie Maes\u00a0\" srcset=\"https:\/\/iui.acm.org\/2026\/wp-content\/uploads\/2025\/11\/Pattie-Maes.jpg 2560w, https:\/\/iui.acm.org\/2026\/wp-content\/uploads\/2025\/11\/ANTONIO-1280x853.jpg 1280w, https:\/\/iui.acm.org\/2026\/wp-content\/uploads\/2025\/11\/ANTONIO-980x653.jpg 980w, https:\/\/iui.acm.org\/2026\/wp-content\/uploads\/2025\/11\/ANTONIO-480x320.jpg 480w\" sizes=\"(min-width: 0px) and (max-width: 480px) 480px, (min-width: 481px) and (max-width: 980px) 980px, (min-width: 981px) and (max-width: 1280px) 1280px, (min-width: 1281px) 2560px, 100vw\" class=\"wp-image-245778\">[\/et_pb_code][\/et_pb_column][et_pb_column type=&#8221;3_4&#8243; _builder_version=&#8221;4.27.4&#8243; _module_preset=&#8221;default&#8221; global_colors_info=&#8221;{}&#8221;][et_pb_text _builder_version=&#8221;4.27.4&#8243; _module_preset=&#8221;default&#8221; global_colors_info=&#8221;{}&#8221;]<\/p>\n<p><strong>Professor Pattie Maes<br \/><\/strong>MIT Media Lab<\/p>\n<p><strong>Keynote Title:<br \/><\/strong>Designing AI Interaction for Human Flourishing<\/p>\n<p><strong>Bio:<br \/><\/strong>Pattie Maes is the Germeshausen Professor of Media Arts and Sciences at the MIT Media Lab where she does research at the intersection of Human Computer Interaction and Artificial Intelligence. She is also an affiliated faculty member at MIT&#8217;s center for Neuro-Biological Engineering. Maes pioneered the concept of Software Agents in the 90s and remains focused on the question of how computer systems and digital devices might augment people and assist them with issues such as memory, learning, decision making, health and wellbeing.<\/p>\n<p>Maes is the editor of four books, has published over 500 peer-reviewed articles, and is an editorial board member and reviewer for numerous professional journals and conferences. She is the recipient of several awards: Netguru selected her for &#8220;Hidden Heroes: the people who shaped technology (2022), Time Magazine has included several of her designs in its annual list of inventions of the year; The American Association for Artificial Intelligence gave her the &#8220;classic paper 2012&#8221; prize, awarded to the most influential AI paper of the year, Fast Company named her one of 50 most influential designers (2011); Newsweek picked her as one of the &#8220;100 Americans to watch for&#8221; (2000); TIME Digital selected her as a member of the \u201cCyber Elite,\u201d the top 50 technological pioneers of the high-tech world; the World Economic Forum honored her with the title &#8220;Global Leader for Tomorrow&#8221;; Ars Electronica awarded her the 1995 World Wide Web category prize; and in 2025 she was recognized with the &#8220;Lifetime Achievement Award in Human Computer Interaction&#8221; by the Association for Computing Machinery (ACM). She also received honorary doctorates from the Vrije Universiteit Brussel in Belgium and Open Universiteit, Netherlands, and has given several TED talks.<\/p>\n<p>[\/et_pb_text][\/et_pb_column][\/et_pb_row][\/et_pb_section]<\/p>\n","protected":false},"excerpt":{"rendered":"<p><div class=\"et_pb_module dsm_text_divider dsm_text_divider_0\">\n\t\t\t\t\n\t\t\t\t\n\t\t\t\t\n\t\t\t\t\n\t\t\t\t\n\t\t\t\t\n\t\t\t\t<div class=\"et_pb_module_inner\">\n\t\t\t\t\t<div class=\"dsm-text-divider-wrapper dsm-text-divider-align-center et_pb_bg_layout_light\">\n\t\t\t\t\n\t\t\t\t\n\t\t\t\t<div class=\"dsm-text-divider-before dsm-divider\"><\/div>\n\t\t\t\t<h1 class=\"dsm-text-divider-header et_pb_module_header\"><span>KEYNOTE SPEAKERS<\/span><\/h1>\n\t\t\t\t<div class=\"dsm-text-divider-after dsm-divider\"><\/div>\n\t\t\t<\/div>\n\t\t\t\t<\/div>\n\t\t\t<\/div>Professor Antonio Kr\u00fcger Saarland University Keynote Title: The role of HCI in Trusted AI Bio: The increasing deployment of AI systems that are hard to inspect, particularly large-scale statistical models, presents a critical challenge to user trust. While AI performance is rapidly advancing, the opacity of decision-making processes often leads to skepticism, misuse, and a lack of accountability\u2014a core concern in the development of Trusted AI. This talk discusses how Human-Computer Interaction(HCI) can help to address \u00a0this trust deficit, arguing that well-designed interaction patterns are needed to increase transparency and as such trust in complex systems. The talk will discuss several examples from AI systems deployed in domains associated with high risk, such as medicine, production and automated driving. Antonio Kr\u00fcger is the CEO and Scientific Director of Deutsches Forschungszentrum f\u00fcr K\u00fcnstliche Intelligenz GmbH (DFKI), as well as the Scientific Director of the Cognitive Assistants research department at DFKI. Antonio has been a professor of computer science and head of the Ubiquitous Media Technology Lab at Saarland University since 2009 and his research combines methods from human-computer-interaction and artificial intelligence.Professor Pattie MaesMIT Media Lab Keynote Title:Designing AI Interaction for Human [&hellip;]<\/p>\n","protected":false},"author":7,"featured_media":0,"parent":0,"menu_order":0,"comment_status":"closed","ping_status":"closed","template":"","meta":{"_et_pb_use_builder":"on","_et_pb_old_content":"","_et_gb_content_width":"","footnotes":""},"class_list":["post-244745","page","type-page","status-publish","hentry"],"_links":{"self":[{"href":"https:\/\/iui.acm.org\/2026\/wp-json\/wp\/v2\/pages\/244745","targetHints":{"allow":["GET"]}}],"collection":[{"href":"https:\/\/iui.acm.org\/2026\/wp-json\/wp\/v2\/pages"}],"about":[{"href":"https:\/\/iui.acm.org\/2026\/wp-json\/wp\/v2\/types\/page"}],"author":[{"embeddable":true,"href":"https:\/\/iui.acm.org\/2026\/wp-json\/wp\/v2\/users\/7"}],"replies":[{"embeddable":true,"href":"https:\/\/iui.acm.org\/2026\/wp-json\/wp\/v2\/comments?post=244745"}],"version-history":[{"count":36,"href":"https:\/\/iui.acm.org\/2026\/wp-json\/wp\/v2\/pages\/244745\/revisions"}],"predecessor-version":[{"id":245920,"href":"https:\/\/iui.acm.org\/2026\/wp-json\/wp\/v2\/pages\/244745\/revisions\/245920"}],"wp:attachment":[{"href":"https:\/\/iui.acm.org\/2026\/wp-json\/wp\/v2\/media?parent=244745"}],"curies":[{"name":"wp","href":"https:\/\/api.w.org\/{rel}","templated":true}]}}